{"id":64,"date":"2026-04-01T11:04:54","date_gmt":"2026-04-01T11:04:54","guid":{"rendered":"http:\/\/winogrona.local\/?page_id=25"},"modified":"2026-04-17T15:01:18","modified_gmt":"2026-04-17T13:01:18","slug":"aktualnosci-2","status":"publish","type":"page","link":"https:\/\/winogrona.online\/?page_id=64","title":{"rendered":"Aktualno\u015bci"},"content":{"rendered":"\t\t<div data-elementor-type=\"wp-page\" data-elementor-id=\"64\" class=\"elementor elementor-64\">\n\t\t\t\t<div class=\"elementor-element elementor-element-5c037d1 e-flex e-con-boxed e-con e-parent\" data-id=\"5c037d1\" data-element_type=\"container\" data-e-type=\"container\">\n\t\t\t\t\t<div class=\"e-con-inner\">\n\t\t\t\t<div class=\"elementor-element elementor-element-8a03ff6 elementor-widget elementor-widget-heading\" data-id=\"8a03ff6\" data-element_type=\"widget\" data-e-type=\"widget\" data-widget_type=\"heading.default\">\n\t\t\t\t\t<h2 class=\"elementor-heading-title elementor-size-default\">Winogrona \u2013 naturalna s\u0142odycz prosto z natury<\/h2>\t\t\t\t<\/div>\n\t\t\t\t<div class=\"elementor-element elementor-element-2ec5ed4 elementor-widget elementor-widget-text-editor\" data-id=\"2ec5ed4\" data-element_type=\"widget\" data-e-type=\"widget\" data-widget_type=\"text-editor.default\">\n\t\t\t\t\t\t\t\t\t<h3 data-start=\"106\" data-end=\"151\">\ud83c\udf47 Wiosna w winnicy \u2013 start nowego sezonu<\/h3><p data-start=\"153\" data-end=\"347\">Wraz z nadej\u015bciem cieplejszych dni winoro\u015bl budzi si\u0119 do \u017cycia. Na krzewach pojawiaj\u0105 si\u0119 pierwsze p\u0105ki, kt\u00f3re wkr\u00f3tce przekszta\u0142c\u0105 si\u0119 w m\u0142ode p\u0119dy \u2013 to znak, \u017ce sezon oficjalnie si\u0119 rozpocz\u0105\u0142.<\/p><p data-start=\"349\" data-end=\"524\">To kluczowy moment dla przysz\u0142ych plon\u00f3w. W\u0142a\u015bnie teraz winoro\u015bl potrzebuje odpowiedniej piel\u0119gnacji \u2013 przycinania, podwi\u0105zywania oraz ochrony przed ewentualnymi przymrozkami.<\/p><p data-start=\"526\" data-end=\"686\">\ud83c\udf47 <strong data-start=\"529\" data-end=\"551\">Dlaczego to wa\u017cne?<\/strong><br data-start=\"551\" data-end=\"554\" \/>Od wiosennej kondycji ro\u015blin zale\u017cy jako\u015b\u0107 i ilo\u015b\u0107 owoc\u00f3w. Dobrze zadbane krzewy odwdzi\u0119cz\u0105 si\u0119 latem zdrowymi i soczystymi gronami.<\/p><p data-start=\"688\" data-end=\"897\">\ud83c\udf47 <strong data-start=\"691\" data-end=\"707\">Czas dzia\u0142a\u0107<\/strong><br data-start=\"707\" data-end=\"710\" \/>Je\u015bli masz winoro\u015bl w swoim ogrodzie \u2013 to idealny moment, aby si\u0119 ni\u0105 zaj\u0105\u0107. A je\u015bli dopiero planujesz nasadzenia, wiosna to najlepszy czas, by rozpocz\u0105\u0107 swoj\u0105 przygod\u0119 z upraw\u0105 winogron.<\/p>\t\t\t\t\t\t\t\t<\/div>\n\t\t\t\t\t<\/div>\n\t\t\t\t<\/div>\n\t\t\t\t<\/div>\n\t\t","protected":false},"excerpt":{"rendered":"<p>Winogrona \u2013 naturalna s\u0142odycz prosto z natury \ud83c\udf47 Wiosna w winnicy \u2013 start nowego sezonu Wraz z nadej\u015bciem cieplejszych dni winoro\u015bl budzi si\u0119 do \u017cycia. Na krzewach pojawiaj\u0105 si\u0119 pierwsze p\u0105ki, kt\u00f3re wkr\u00f3tce przekszta\u0142c\u0105 si\u0119 w m\u0142ode p\u0119dy \u2013 to znak, \u017ce sezon oficjalnie si\u0119 rozpocz\u0105\u0142. To kluczowy moment dla przysz\u0142ych plon\u00f3w. W\u0142a\u015bnie teraz winoro\u015bl [&hellip;]<\/p>\n","protected":false},"author":1,"featured_media":0,"parent":0,"menu_order":0,"comment_status":"closed","ping_status":"closed","template":"","meta":{"footnotes":""},"class_list":["post-64","page","type-page","status-publish","hentry"],"_links":{"self":[{"href":"https:\/\/winogrona.online\/index.php?rest_route=\/wp\/v2\/pages\/64","targetHints":{"allow":["GET"]}}],"collection":[{"href":"https:\/\/winogrona.online\/index.php?rest_route=\/wp\/v2\/pages"}],"about":[{"href":"https:\/\/winogrona.online\/index.php?rest_route=\/wp\/v2\/types\/page"}],"author":[{"embeddable":true,"href":"https:\/\/winogrona.online\/index.php?rest_route=\/wp\/v2\/users\/1"}],"replies":[{"embeddable":true,"href":"https:\/\/winogrona.online\/index.php?rest_route=%2Fwp%2Fv2%2Fcomments&post=64"}],"version-history":[{"count":3,"href":"https:\/\/winogrona.online\/index.php?rest_route=\/wp\/v2\/pages\/64\/revisions"}],"predecessor-version":[{"id":342,"href":"https:\/\/winogrona.online\/index.php?rest_route=\/wp\/v2\/pages\/64\/revisions\/342"}],"wp:attachment":[{"href":"https:\/\/winogrona.online\/index.php?rest_route=%2Fwp%2Fv2%2Fmedia&parent=64"}],"curies":[{"name":"wp","href":"https:\/\/api.w.org\/{rel}","templated":true}]}}