{"id":59,"date":"2026-04-01T10:19:38","date_gmt":"2026-04-01T10:19:38","guid":{"rendered":"http:\/\/winogrona.local\/?page_id=10"},"modified":"2026-04-09T08:13:32","modified_gmt":"2026-04-09T06:13:32","slug":"winogrona","status":"publish","type":"page","link":"https:\/\/winogrona.online\/","title":{"rendered":"Winogrona"},"content":{"rendered":"\t\t<div data-elementor-type=\"wp-page\" data-elementor-id=\"59\" class=\"elementor elementor-59\">\n\t\t\t\t<div class=\"elementor-element elementor-element-ac0db97 e-flex e-con-boxed e-con e-parent\" data-id=\"ac0db97\" data-element_type=\"container\" data-e-type=\"container\" data-settings=\"{&quot;background_background&quot;:&quot;classic&quot;}\">\n\t\t\t\t\t<div class=\"e-con-inner\">\n\t\t\t\t<div class=\"elementor-element elementor-element-6f0cd8c elementor-widget elementor-widget-text-editor\" data-id=\"6f0cd8c\" data-element_type=\"widget\" data-e-type=\"widget\" data-widget_type=\"text-editor.default\">\n\t\t\t\t\t\t\t\t\t<h1>Witaj na mojej stronie<\/h1>\t\t\t\t\t\t\t\t<\/div>\n\t\t<div class=\"elementor-element elementor-element-b0e5dd2 e-con-full e-flex e-con e-child\" data-id=\"b0e5dd2\" data-element_type=\"container\" data-e-type=\"container\" data-settings=\"{&quot;background_background&quot;:&quot;classic&quot;}\">\n\t\t\t\t<div class=\"elementor-element elementor-element-2522f1d elementor-widget-divider--view-line elementor-widget elementor-widget-divider\" data-id=\"2522f1d\" data-element_type=\"widget\" data-e-type=\"widget\" data-widget_type=\"divider.default\">\n\t\t\t\t\t\t\t<div class=\"elementor-divider\">\n\t\t\t<span class=\"elementor-divider-separator\">\n\t\t\t\t\t\t<\/span>\n\t\t<\/div>\n\t\t\t\t\t\t<\/div>\n\t\t\t\t<div class=\"elementor-element elementor-element-4282f76 elementor-widget elementor-widget-html\" data-id=\"4282f76\" data-element_type=\"widget\" data-e-type=\"widget\" data-widget_type=\"html.default\">\n\t\t\t\t\t<style>\n#czas-data {\n    text-align: center;\n    font-family: 'Segoe UI', Arial, sans-serif;\n    padding: 10px 0;\n}\n\n\/* Data *\/\n#data {\n    font-size: 22px;\n    color: #555;\n    margin-bottom: 8px;\n}\n\n\/* Zegar *\/\n#zegar {\n    font-size: 42px;          \/* DU\u017bY zegar *\/\n    font-weight: bold;\n    color: #222;\n    letter-spacing: 3px;\n    text-shadow: 1px 1px 4px rgba(0,0,0,0.2);\n}\n<\/style>\n\n<script>\nfunction aktualizujCzas() {\n    const teraz = new Date();\n\n    const dni = [\"Niedziela\",\"Poniedzia\u0142ek\",\"Wtorek\",\"\u015aroda\",\"Czwartek\",\"Pi\u0105tek\",\"Sobota\"];\n    const miesiace = [\"stycznia\",\"lutego\",\"marca\",\"kwietnia\",\"maja\",\"czerwca\",\"lipca\",\"sierpnia\",\"wrze\u015bnia\",\"pa\u017adziernika\",\"listopada\",\"grudnia\"];\n\n    const dzienTyg = dni[teraz.getDay()];\n    const dzien = teraz.getDate();\n    const miesiac = miesiace[teraz.getMonth()];\n    const rok = teraz.getFullYear();\n\n    document.getElementById(\"data\").innerHTML = `${dzienTyg}, ${dzien} ${miesiac} ${rok}`;\n\n    let godz = teraz.getHours().toString().padStart(2, '0');\n    let min = teraz.getMinutes().toString().padStart(2, '0');\n    let sek = teraz.getSeconds().toString().padStart(2, '0');\n\n    document.getElementById(\"zegar\").innerHTML = `${godz}:${min}:${sek}`;\n}\n\nsetInterval(aktualizujCzas, 1000);\naktualizujCzas();\n<\/script>\n\n<div id=\"czas-data\">\n    <div id=\"data\"><\/div>\n    <div id=\"zegar\"><\/div>\n<\/div>\t\t\t\t<\/div>\n\t\t\t\t<div class=\"elementor-element elementor-element-980aa61 elementor-widget-divider--view-line elementor-widget elementor-widget-divider\" data-id=\"980aa61\" data-element_type=\"widget\" data-e-type=\"widget\" data-widget_type=\"divider.default\">\n\t\t\t\t\t\t\t<div class=\"elementor-divider\">\n\t\t\t<span class=\"elementor-divider-separator\">\n\t\t\t\t\t\t<\/span>\n\t\t<\/div>\n\t\t\t\t\t\t<\/div>\n\t\t\t\t<\/div>\n\t\t\t\t<div class=\"elementor-element elementor-element-c37191a elementor-widget elementor-widget-text-editor\" data-id=\"c37191a\" data-element_type=\"widget\" data-e-type=\"widget\" data-widget_type=\"text-editor.default\">\n\t\t\t\t\t\t\t\t\t<h4>\u201eProwadz\u0119 w\u0142asn\u0105 upraw\u0119 winogron. Dbam o jako\u015b\u0107 i rozw\u00f3j ka\u017cdego krzewu.\u201d<\/h4>\t\t\t\t\t\t\t\t<\/div>\n\t\t\t\t\t<\/div>\n\t\t\t\t<\/div>\n\t\t\t\t<\/div>\n\t\t","protected":false},"excerpt":{"rendered":"<p>Witaj na mojej stronie \u201eProwadz\u0119 w\u0142asn\u0105 upraw\u0119 winogron. Dbam o jako\u015b\u0107 i rozw\u00f3j ka\u017cdego krzewu.\u201d<\/p>\n","protected":false},"author":1,"featured_media":0,"parent":0,"menu_order":0,"comment_status":"closed","ping_status":"closed","template":"","meta":{"footnotes":""},"class_list":["post-59","page","type-page","status-publish","hentry"],"_links":{"self":[{"href":"https:\/\/winogrona.online\/index.php?rest_route=\/wp\/v2\/pages\/59","targetHints":{"allow":["GET"]}}],"collection":[{"href":"https:\/\/winogrona.online\/index.php?rest_route=\/wp\/v2\/pages"}],"about":[{"href":"https:\/\/winogrona.online\/index.php?rest_route=\/wp\/v2\/types\/page"}],"author":[{"embeddable":true,"href":"https:\/\/winogrona.online\/index.php?rest_route=\/wp\/v2\/users\/1"}],"replies":[{"embeddable":true,"href":"https:\/\/winogrona.online\/index.php?rest_route=%2Fwp%2Fv2%2Fcomments&post=59"}],"version-history":[{"count":25,"href":"https:\/\/winogrona.online\/index.php?rest_route=\/wp\/v2\/pages\/59\/revisions"}],"predecessor-version":[{"id":322,"href":"https:\/\/winogrona.online\/index.php?rest_route=\/wp\/v2\/pages\/59\/revisions\/322"}],"wp:attachment":[{"href":"https:\/\/winogrona.online\/index.php?rest_route=%2Fwp%2Fv2%2Fmedia&parent=59"}],"curies":[{"name":"wp","href":"https:\/\/api.w.org\/{rel}","templated":true}]}}