{"id":292,"date":"2026-04-08T16:05:25","date_gmt":"2026-04-08T14:05:25","guid":{"rendered":"https:\/\/winogrona.online\/?page_id=292"},"modified":"2026-04-08T20:15:44","modified_gmt":"2026-04-08T18:15:44","slug":"ksiega-gosci","status":"publish","type":"page","link":"https:\/\/winogrona.online\/?page_id=292","title":{"rendered":"Ksi\u0119ga go\u015bci"},"content":{"rendered":"\t\t<div data-elementor-type=\"wp-page\" data-elementor-id=\"292\" class=\"elementor elementor-292\">\n\t\t\t\t<div class=\"elementor-element elementor-element-0e15c85 e-flex e-con-boxed e-con e-parent\" data-id=\"0e15c85\" data-element_type=\"container\" data-e-type=\"container\" data-settings=\"{&quot;background_background&quot;:&quot;classic&quot;}\">\n\t\t\t\t\t<div class=\"e-con-inner\">\n\t\t\t\t<div class=\"elementor-element elementor-element-3c86ae5 elementor-widget elementor-widget-text-editor\" data-id=\"3c86ae5\" data-element_type=\"widget\" data-e-type=\"widget\" data-widget_type=\"text-editor.default\">\n\t\t\t\t\t\t\t\t\t<h2><em><strong><span style=\"text-decoration: underline;\">Zapraszam do mojej Ksi\u0119gi Go\u015bci.<\/span><\/strong><\/em><\/h2><h4>Tak jak dojrzewaj\u0105ce winogrona tworz\u0105 smak wina, tak Wasze s\u0142owa tworz\u0105 klimat tej strony.<br \/>Zostaw prosz\u0119 kilka zda\u0144 \u2014 b\u0119dzie mi bardzo mi\u0142o. \ud83c\udf47<!--EndFragment --><\/h4>\t\t\t\t\t\t\t\t<\/div>\n\t\t\t\t<div class=\"elementor-element elementor-element-0c72ded elementor-widget elementor-widget-shortcode\" data-id=\"0c72ded\" data-element_type=\"widget\" data-e-type=\"widget\" data-widget_type=\"shortcode.default\">\n\t\t\t\t\t\t\t<div class=\"elementor-shortcode\"><div class=\"gwolle-gb\"><div class=\"gwolle-gb-messages-top-container\"><\/div>\n\t\t\t<div class=\"gwolle-gb-write-button\">\n\t\t\t\t<input type=\"button\" name=\"gwolle-gb-write-button\" class=\"button btn btn-default \" value=\"Umie\u015b\u0107 nowy wpis\" aria-expanded=\"false\" \/>\n\t\t\t<\/div>\n\t\t\t<form action=\"#\" method=\"POST\" class=\"gwolle-gb-write gwolle-gb-hide gwolle-gb-float gwolle-gb-form-ajax gwolle-gb-ajax gwolle-gb-not-logged-in\">\n\t\t\t\t<h3>Dodaj nowy wpis<\/h3>\n\t\t\t\t<button type=\"button\" class=\"gb-notice-dismiss\">x<span class=\"screen-reader-text\">Hide this form.<\/span><\/button>\n\t\t\t\n\t\t\t\t<input type=\"hidden\" name=\"gwolle_gb_function\" class=\"gwolle_gb_function\" value=\"add_entry\" \/><input type=\"hidden\" name=\"gwolle_gb_book_id\" class=\"gwolle_gb_book_id\" value=\"1\" \/><div class=\"gwolle_gb_3ab9e6d424166e02926811edbb41da55\">\n\t\t\t\t<div class=\"label\"><label for=\"gwolle_gb_3ab9e6d424166e02926811edbb41da55-1\" class=\"text-info\">Nazwa<\/label><\/div>\n\t\t\t\t<div class=\"input\"><input class=\"wp-exclude-emoji gwolle_gb_3ab9e6d424166e02926811edbb41da55\" value=\"\" type=\"text\" id=\"gwolle_gb_3ab9e6d424166e02926811edbb41da55-1\" name=\"gwolle_gb_3ab9e6d424166e02926811edbb41da55\" \/><\/div>\n\t\t\t\t<div class=\"clearBoth\">&nbsp;<\/div>\n\t\t\t<\/div><div class=\"gwolle_gb_40c76a48aa0b2a9c009bba30f97443fa\">\n\t\t\t\t\t<div class=\"label\"><label for=\"gwolle_gb_40c76a48aa0b2a9c009bba30f97443fa-1\" class=\"text-info\">Miejscowo\u015b\u0107<\/label><\/div>\n\t\t\t\t\t<div class=\"input\"><input class=\"wp-exclude-emoji gwolle_gb_40c76a48aa0b2a9c009bba30f97443fa\" value=\"\" type=\"text\" id=\"gwolle_gb_40c76a48aa0b2a9c009bba30f97443fa-1\" name=\"gwolle_gb_40c76a48aa0b2a9c009bba30f97443fa\" \/><\/div>\n\t\t\t\t\t<div class=\"clearBoth\">&nbsp;<\/div>\n\t\t\t\t<\/div>\n\t\t\t<div class=\"gwolle_gb_f0f7e0e8e35a1ea67e250bca395153af\" style=\"display:none;overflow:hidden;\" hidden=\"true\" aria-hidden=\"true\">\n\t\t\t\t<div class=\"label\">\n\t\t\t\t\t<label for=\"gwolle_gb_f0f7e0e8e35a1ea67e250bca395153af-1\" class=\"text-primary\">Do not touch this<\/label>\n\t\t\t\t\t<label for=\"gwolle_gb_947f328247571627897d1acfd36f88d5-1\" class=\"text-primary\">Do not touch this<\/label>\n\t\t\t\t<\/div>\n\t\t\t\t<div class=\"input\">\n\t\t\t\t\t<input value=\"88\" type=\"text\" id=\"gwolle_gb_f0f7e0e8e35a1ea67e250bca395153af-1\" name=\"gwolle_gb_f0f7e0e8e35a1ea67e250bca395153af\" class=\"gwolle_gb_f0f7e0e8e35a1ea67e250bca395153af\" style=\"transform: translateY(10000px);\" \/>\n\t\t\t\t\t<input value=\"\" type=\"text\" name=\"gwolle_gb_947f328247571627897d1acfd36f88d5\" id=\"gwolle_gb_947f328247571627897d1acfd36f88d5-1\" class=\"gwolle_gb_947f328247571627897d1acfd36f88d5\" style=\"transform: translateY(10000px);\" \/>\n\t\t\t\t<\/div>\n\t\t\t\t<div class=\"clearBoth\"><\/div>\n\t\t\t<\/div>\n\t\t\t<div class=\"gwolle_gb_5e2341dd3304bded3b36ebd710c5bd30\" style=\"display:none;overflow:hidden;\" hidden=\"true\" aria-hidden=\"true\">\n\t\t\t\t<div class=\"label\">\n\t\t\t\t\t<label for=\"gwolle_gb_5e2341dd3304bded3b36ebd710c5bd30-1\" class=\"text-primary\">Do not touch this<\/label>\n\t\t\t\t\t<label for=\"gwolle_gb_f6c76aa8b5fca4a08c13c02350cbf066-1\" class=\"text-primary\">Do not touch this<\/label>\n\t\t\t\t<\/div>\n\t\t\t\t<div class=\"input\">\n\t\t\t\t\t<input value=\"27285\" type=\"text\" id=\"gwolle_gb_5e2341dd3304bded3b36ebd710c5bd30-1\" name=\"gwolle_gb_5e2341dd3304bded3b36ebd710c5bd30\" class=\"gwolle_gb_5e2341dd3304bded3b36ebd710c5bd30\" style=\"transform: translateY(10000px);\" \/>\n\t\t\t\t\t<input value=\"27285\" type=\"text\"id=\"gwolle_gb_f6c76aa8b5fca4a08c13c02350cbf066-1\" name=\"gwolle_gb_f6c76aa8b5fca4a08c13c02350cbf066\" class=\"gwolle_gb_f6c76aa8b5fca4a08c13c02350cbf066\" style=\"transform: translateY(10000px);\" \/>\n\t\t\t\t<\/div>\n\t\t\t\t<div class=\"clearBoth\"><\/div>\n\t\t\t<\/div><div class=\"gwolle_gb_content\">\n\t\t\t\t<div class=\"label\"><label for=\"gwolle_gb_content-1\" class=\"text-info\">Wpis Ksi\u0119gi go\u015bci<\/label><\/div>\n\t\t\t\t<div class=\"input\"><textarea id=\"gwolle_gb_content-1\" name=\"gwolle_gb_content\" class=\"gwolle_gb_content wp-exclude-emoji\" ><\/textarea><\/div>\n\t\t\t\t\t<div class=\"clearBoth\">&nbsp;<\/div>\n\t\t\t\t<\/div><input type=\"hidden\" class=\"gwolle_gb_0f8541a74c3166382a6433a019107d09\" id=\"gwolle_gb_0f8541a74c3166382a6433a019107d09-1\" name=\"gwolle_gb_0f8541a74c3166382a6433a019107d09\" value=\"ede23be217\" \/>\n\t\t\t<div class=\"gwolle-gb-messages-bottom-container\"><\/div>\n\n\t\t\t<noscript><div class=\"no-js\">Warning: This form can only be used if JavaScript is enabled in your browser.<\/div><\/noscript>\n\n\t\t\t<div class=\"gwolle_gb_submit gwolle-gb-submit\">\n\t\t\t\t<div class=\"label gwolle-gb-invisible text-muted\">&nbsp;<\/div>\n\t\t\t\t<div class=\"input\">\n\t\t\t\t\t<input type=\"submit\" name=\"gwolle_gb_submit\" class=\"gwolle_gb_submit button btn btn-primary \" value=\"Wy\u015blij\" \/>\n\t\t\t\t\t<span class=\"gwolle_gb_submit_ajax_icon gwolle-gb-submit-ajax-icon\"><\/span>\n\t\t\t\n\t\t\t\t<\/div>\n\t\t\t\t<div class=\"clearBoth\">&nbsp;<\/div>\n\t\t\t<\/div>\n\n\t\t\t<div class=\"gwolle_gb_notice gwolle-gb-notice\">\n\t\t\t\t<br \/>\nFields marked with * are required.<br \/>\nYour E-mail address won&#039;t be published.<br \/>\nIt&#039;s possible that your entry will only be visible in the guestbook after we reviewed it.<br \/>\nWe reserve the right to edit, delete, or not publish entries.<br \/>\n\n\t\t\t<\/div><\/form><div class=\"gwolle-gb-read gwolle-gb-ajax gwolle-gb-entries-list\" data-book_id=\"1\" data-page_id=\"1\">\n\t\t<div id=\"gwolle-gb-total\" class=\"gwolle-gb-total\">2 wpisy.<\/div><!-- Gwolle-GB Entry: Default Template Loaded -->\n\t\t\t\t<div class=\"gb-entry gb-entry_3 gb-entry-count_1 gwolle-gb-uneven gwolle-gb-first\" id=\"gb-entry_3\" data-entry_id=\"3\">\n\t\t\t\t<article>\n\t\t\t\t\t<div class=\"gb-author-info\">\n\t\t\t\t\t\t<span class=\"gb-author-avatar\"><img referrerpolicy=\"no-referrer\" alt='Pozdrawiam' src='https:\/\/secure.gravatar.com\/avatar\/?s=32&#038;d=mm&#038;r=g' srcset='https:\/\/secure.gravatar.com\/avatar\/?s=64&#038;d=mm&#038;r=g 2x' class='avatar avatar-32 photo avatar-default' height='32' width='32' \/><\/span>\n\t\t\t\t\t\t<span class=\"gb-author-name\">Pozdrawiam\n\t\t\t\t\t\t<\/span>\n\t\t\t\t\t\t<span class=\"gb-author-origin\">\n\t\t\t\t\t\t\t<span class=\"gb-author-origin-from-text\"> z<\/span>\n\t\t\t\t\t\t\t<span class=\"gb-author-origin-text\"> Ko\u0142obrzeg<\/span>\n\t\t\t\t\t\t<\/span>\n\t\t\t\t\t\t<span class=\"gb-datetime\">\n\t\t\t\t\t\t\t<span class=\"gb-date\"><span class=\"gb-date-wrote-text\"> napisa\u0142\/a<\/span><span class=\"gb-date-text\"> 2026-04-09<\/span>\n\t\t\t\t\t\t\t<\/span><span class=\"gb-time\">\n\t\t\t\t\t\t\t\t\t<span class=\"gb-time-at-text\"> o<\/span>\n\t\t\t\t\t\t\t\t\t<span class=\"gb-time-text\"> 20:46<\/span>\n\t\t\t\t\t\t\t\t<\/span>\n\t\t\t\t\t\t<\/span> \n\t\t\t\t\t<\/div>\n\t\t\t\t\t<div class=\"gb-entry-content\">Dzi\u0119kuj\u0119 za mo\u017cliwo\u015b\u0107 odwiedzenia tej strony \u2014 wida\u0107, ile serca i pasji zosta\u0142o w ni\u0105 w\u0142o\u017cone. To naprawd\u0119 wyj\u0105tkowe miejsce, do kt\u00f3rego chce si\u0119 wraca\u0107. \u017bycz\u0119 dalszych sukces\u00f3w i wielu inspiracji!\n\t\t\t\t\t<\/div>\n\t\t\t\t<\/article>\n\t\t\t<\/div>\n\t\t\t<div class=\"gb-entry gb-entry_2 gb-entry-count_2 gwolle-gb-even\" id=\"gb-entry_2\" data-entry_id=\"2\">\n\t\t\t\t<article>\n\t\t\t\t\t<div class=\"gb-author-info\">\n\t\t\t\t\t\t<span class=\"gb-author-avatar\"><img referrerpolicy=\"no-referrer\" alt='Asia' src='https:\/\/secure.gravatar.com\/avatar\/?s=32&#038;d=mm&#038;r=g' srcset='https:\/\/secure.gravatar.com\/avatar\/?s=64&#038;d=mm&#038;r=g 2x' class='avatar avatar-32 photo avatar-default' height='32' width='32' \/><\/span>\n\t\t\t\t\t\t<span class=\"gb-author-name\">Asia\n\t\t\t\t\t\t<\/span>\n\t\t\t\t\t\t<span class=\"gb-author-origin\">\n\t\t\t\t\t\t\t<span class=\"gb-author-origin-from-text\"> z<\/span>\n\t\t\t\t\t\t\t<span class=\"gb-author-origin-text\"> Koszalin<\/span>\n\t\t\t\t\t\t<\/span>\n\t\t\t\t\t\t<span class=\"gb-datetime\">\n\t\t\t\t\t\t\t<span class=\"gb-date\"><span class=\"gb-date-wrote-text\"> napisa\u0142\/a<\/span><span class=\"gb-date-text\"> 2026-04-09<\/span>\n\t\t\t\t\t\t\t<\/span><span class=\"gb-time\">\n\t\t\t\t\t\t\t\t\t<span class=\"gb-time-at-text\"> o<\/span>\n\t\t\t\t\t\t\t\t\t<span class=\"gb-time-text\"> 20:45<\/span>\n\t\t\t\t\t\t\t\t<\/span>\n\t\t\t\t\t\t<\/span> \n\t\t\t\t\t<\/div>\n\t\t\t\t\t<div class=\"gb-entry-content\">Pi\u0119kne miejsce \u2014 pe\u0142ne smaku, pasji i inspiracji, niczym najlepsze winogrona dojrzewaj\u0105ce w s\u0142o\u0144cu. Gratuluj\u0119 stworzenia tak wyj\u0105tkowej przestrzeni i \u017cycz\u0119 dalszych owocnych dzia\u0142a\u0144!\n\t\t\t\t\t<\/div>\n\t\t\t\t<\/article>\n\t\t\t<\/div>\n\t\t\t<\/div><\/div><\/div>\n\t\t\t\t\t\t<\/div>\n\t\t\t\t\t<\/div>\n\t\t\t\t<\/div>\n\t\t\t\t<\/div>\n\t\t","protected":false},"excerpt":{"rendered":"<p>Zapraszam do mojej Ksi\u0119gi Go\u015bci. Tak jak dojrzewaj\u0105ce winogrona tworz\u0105 smak wina, tak Wasze s\u0142owa tworz\u0105 klimat tej strony.Zostaw prosz\u0119 kilka zda\u0144 \u2014 b\u0119dzie mi bardzo mi\u0142o. \ud83c\udf47<\/p>\n","protected":false},"author":1,"featured_media":0,"parent":0,"menu_order":0,"comment_status":"closed","ping_status":"closed","template":"","meta":{"footnotes":""},"class_list":["post-292","page","type-page","status-publish","hentry"],"_links":{"self":[{"href":"https:\/\/winogrona.online\/index.php?rest_route=\/wp\/v2\/pages\/292","targetHints":{"allow":["GET"]}}],"collection":[{"href":"https:\/\/winogrona.online\/index.php?rest_route=\/wp\/v2\/pages"}],"about":[{"href":"https:\/\/winogrona.online\/index.php?rest_route=\/wp\/v2\/types\/page"}],"author":[{"embeddable":true,"href":"https:\/\/winogrona.online\/index.php?rest_route=\/wp\/v2\/users\/1"}],"replies":[{"embeddable":true,"href":"https:\/\/winogrona.online\/index.php?rest_route=%2Fwp%2Fv2%2Fcomments&post=292"}],"version-history":[{"count":12,"href":"https:\/\/winogrona.online\/index.php?rest_route=\/wp\/v2\/pages\/292\/revisions"}],"predecessor-version":[{"id":315,"href":"https:\/\/winogrona.online\/index.php?rest_route=\/wp\/v2\/pages\/292\/revisions\/315"}],"wp:attachment":[{"href":"https:\/\/winogrona.online\/index.php?rest_route=%2Fwp%2Fv2%2Fmedia&parent=292"}],"curies":[{"name":"wp","href":"https:\/\/api.w.org\/{rel}","templated":true}]}}