{"id":239,"date":"2026-04-02T19:36:40","date_gmt":"2026-04-02T19:36:40","guid":{"rendered":"http:\/\/winogrona.local\/?page_id=239"},"modified":"2026-04-09T19:22:10","modified_gmt":"2026-04-09T17:22:10","slug":"odmiany-2","status":"publish","type":"page","link":"https:\/\/winogrona.online\/?page_id=239","title":{"rendered":"Odmiany"},"content":{"rendered":"\t\t<div data-elementor-type=\"wp-page\" data-elementor-id=\"239\" class=\"elementor elementor-239\">\n\t\t\t\t<div class=\"elementor-element elementor-element-1efe1c5 e-flex e-con-boxed e-con e-parent\" data-id=\"1efe1c5\" data-element_type=\"container\" data-e-type=\"container\">\n\t\t\t\t\t<div class=\"e-con-inner\">\n\t\t\t\t<div class=\"elementor-element elementor-element-b198aef elementor-widget elementor-widget-heading\" data-id=\"b198aef\" data-element_type=\"widget\" data-e-type=\"widget\" data-widget_type=\"heading.default\">\n\t\t\t\t\t<h2 class=\"elementor-heading-title elementor-size-default\">\ud83c\udf47 Winogrona \u2013 popularne odmiany i ich charakterystyka\n\n<\/h2>\t\t\t\t<\/div>\n\t\t\t\t\t\n<hr class=\"e-divider-base\" data-interaction-id=\"a9496a9\"   \/>\n\t\t\t\t\t<\/div>\n\t\t\t\t<\/div>\n\t\t<div class=\"elementor-element elementor-element-a8e4501 e-flex e-con-boxed e-con e-parent\" data-id=\"a8e4501\" data-element_type=\"container\" data-e-type=\"container\">\n\t\t\t\t\t<div class=\"e-con-inner\">\n\t\t<div class=\"elementor-element elementor-element-a32564d e-grid e-con-boxed e-con e-child\" data-id=\"a32564d\" data-element_type=\"container\" data-e-type=\"container\">\n\t\t\t\t\t<div class=\"e-con-inner\">\n\t\t\t\t<div class=\"elementor-element elementor-element-c259b0f elementor-widget elementor-widget-text-editor\" data-id=\"c259b0f\" data-element_type=\"widget\" data-e-type=\"widget\" data-widget_type=\"text-editor.default\">\n\t\t\t\t\t\t\t\t\t<h3 data-start=\"212\" data-end=\"226\"><span style=\"text-decoration: underline;\">\ud83c\udf47 Venus<\/span><\/h3><p data-start=\"227\" data-end=\"289\">Odmiana bezpestkowa, bardzo popularna w uprawie amatorskiej:<\/p><ul data-start=\"290\" data-end=\"380\"><li data-start=\"290\" data-end=\"315\">ciemnofioletowe owoce<\/li><li data-start=\"316\" data-end=\"351\">s\u0142odki, lekko muszkato\u0142owy smak<\/li><li data-start=\"352\" data-end=\"380\">wysoka odporno\u015b\u0107 na mr\u00f3z<\/li><\/ul><p data-start=\"382\" data-end=\"429\">Idealna do jedzenia na \u015bwie\u017co oraz na rodzynki.<\/p>\t\t\t\t\t\t\t\t<\/div>\n\t\t\t\t<div class=\"elementor-element elementor-element-3df809f elementor-widget elementor-widget-text-editor\" data-id=\"3df809f\" data-element_type=\"widget\" data-e-type=\"widget\" data-widget_type=\"text-editor.default\">\n\t\t\t\t\t\t\t\t\t<h3 data-start=\"436\" data-end=\"452\"><span style=\"text-decoration: underline;\">\ud83c\udf47 Arkadia<\/span><\/h3><p data-start=\"453\" data-end=\"505\">Jedna z najcz\u0119\u015bciej wybieranych odmian deserowych:<\/p><ul data-start=\"506\" data-end=\"585\"><li data-start=\"506\" data-end=\"534\">du\u017ce, jasnozielone owoce<\/li><li data-start=\"535\" data-end=\"561\">bardzo soczysty mi\u0105\u017csz<\/li><li data-start=\"562\" data-end=\"585\">wczesne dojrzewanie<\/li><\/ul><p data-start=\"587\" data-end=\"622\">\u015awietna do ogrodu oraz na sprzeda\u017c.<\/p>\t\t\t\t\t\t\t\t<\/div>\n\t\t\t\t<div class=\"elementor-element elementor-element-f6b565d elementor-widget elementor-widget-text-editor\" data-id=\"f6b565d\" data-element_type=\"widget\" data-e-type=\"widget\" data-widget_type=\"text-editor.default\">\n\t\t\t\t\t\t\t\t\t<h3 data-start=\"629\" data-end=\"644\"><span style=\"text-decoration: underline;\">\ud83c\udf47 Regent<\/span><\/h3><p data-start=\"645\" data-end=\"692\">Odmiana ceniona do produkcji czerwonego wina:<\/p><ul data-start=\"693\" data-end=\"780\"><li data-start=\"693\" data-end=\"722\">ciemne, aromatyczne owoce<\/li><li data-start=\"723\" data-end=\"754\">wysoka odporno\u015b\u0107 na choroby<\/li><li data-start=\"755\" data-end=\"780\">intensywny kolor soku<\/li><\/ul><p data-start=\"782\" data-end=\"822\">Polecana dla os\u00f3b robi\u0105cych domowe wino.<\/p>\t\t\t\t\t\t\t\t<\/div>\n\t\t\t\t<div class=\"elementor-element elementor-element-840dcf1 elementor-widget elementor-widget-text-editor\" data-id=\"840dcf1\" data-element_type=\"widget\" data-e-type=\"widget\" data-widget_type=\"text-editor.default\">\n\t\t\t\t\t\t\t\t\t<h3 data-start=\"829\" data-end=\"844\"><span style=\"text-decoration: underline;\">\ud83c\udf47 Italia<\/span><\/h3><p data-start=\"845\" data-end=\"899\">Znana i popularna odmiana deserowa na ca\u0142ym \u015bwiecie:<\/p><ul data-start=\"900\" data-end=\"987\"><li data-start=\"900\" data-end=\"926\">du\u017ce, jasno\u017c\u00f3\u0142te owoce<\/li><li data-start=\"927\" data-end=\"958\">s\u0142odki smak z nut\u0105 muszkatu<\/li><li data-start=\"959\" data-end=\"987\">p\u00f3\u017any termin dojrzewania<\/li><\/ul><p data-start=\"989\" data-end=\"1021\">Doskona\u0142a do spo\u017cycia na \u015bwie\u017co.<\/p>\t\t\t\t\t\t\t\t<\/div>\n\t\t\t\t<div class=\"elementor-element elementor-element-ad2e262 elementor-widget elementor-widget-text-editor\" data-id=\"ad2e262\" data-element_type=\"widget\" data-e-type=\"widget\" data-widget_type=\"text-editor.default\">\n\t\t\t\t\t\t\t\t\t<h3 data-start=\"1028\" data-end=\"1055\"><span style=\"text-decoration: underline;\">\ud83c\udf47 Cabernet Sauvignon<\/span><\/h3><p data-start=\"1056\" data-end=\"1105\">Jedna z najbardziej znanych odmian winiarskich:<\/p><ul data-start=\"1106\" data-end=\"1197\"><li data-start=\"1106\" data-end=\"1137\">ma\u0142e, ciemnogranatowe owoce<\/li><li data-start=\"1138\" data-end=\"1166\">intensywny aromat i smak<\/li><li data-start=\"1167\" data-end=\"1197\">wysoka zawarto\u015b\u0107 barwnik\u00f3w<\/li><\/ul><p data-start=\"1199\" data-end=\"1236\">Idealna do produkcji czerwonego wina.<\/p>\t\t\t\t\t\t\t\t<\/div>\n\t\t\t\t<div class=\"elementor-element elementor-element-41f8d8f elementor-widget elementor-widget-text-editor\" data-id=\"41f8d8f\" data-element_type=\"widget\" data-e-type=\"widget\" data-widget_type=\"text-editor.default\">\n\t\t\t\t\t\t\t\t\t<h4 data-start=\"381\" data-end=\"404\"><span style=\"text-decoration: underline;\"><span role=\"text\">\ud83c\udf47 <strong data-start=\"389\" data-end=\"404\">Muscat Bleu<\/strong><\/span><\/span><\/h4><p data-start=\"405\" data-end=\"453\">Aromatyczna odmiana deserowa o wyj\u0105tkowym smaku:<\/p><ul data-start=\"454\" data-end=\"546\"><li data-start=\"454\" data-end=\"479\">du\u017ce, granatowe owoce<\/li><li data-start=\"480\" data-end=\"515\">intensywny, muszkato\u0142owy aromat<\/li><li data-start=\"516\" data-end=\"546\">dobra odporno\u015b\u0107 na choroby<\/li><\/ul><p data-start=\"548\" data-end=\"607\">Idealna do jedzenia na \u015bwie\u017co.<\/p>\t\t\t\t\t\t\t\t<\/div>\n\t\t\t\t\t<\/div>\n\t\t\t\t<\/div>\n\t\t\t\t\t\n<hr class=\"e-divider-base\" data-interaction-id=\"13510d1\"   \/>\n\t\t\t\t<div class=\"elementor-element elementor-element-54a0eb1 elementor-widget elementor-widget-text-editor\" data-id=\"54a0eb1\" data-element_type=\"widget\" data-e-type=\"widget\" data-widget_type=\"text-editor.default\">\n\t\t\t\t\t\t\t\t\t<h2 data-start=\"1243\" data-end=\"1281\"><span style=\"text-decoration: underline;\">\ud83c\udf3f Odmiany winogron \u2013 kt\u00f3r\u0105 wybra\u0107?<\/span><\/h2><p data-start=\"1283\" data-end=\"1538\">Wyb\u00f3r odpowiedniej odmiany winogron zale\u017cy od przeznaczenia. Odmiany deserowe, takie jak Venus czy Arkadia, \u015bwietnie sprawdzaj\u0105 si\u0119 do jedzenia na \u015bwie\u017co. Z kolei Regent i Cabernet Sauvignon to doskona\u0142y wyb\u00f3r dla os\u00f3b planuj\u0105cych produkcj\u0119 domowego wina.<\/p><p data-start=\"1540\" data-end=\"1669\">Winogrona najlepiej rosn\u0105 w s\u0142onecznych, os\u0142oni\u0119tych miejscach i przy odpowiedniej piel\u0119gnacji odwdzi\u0119czaj\u0105 si\u0119 obfitymi plonami.<\/p>\t\t\t\t\t\t\t\t<\/div>\n\t\t\t\t<div class=\"elementor-element elementor-element-b124624 elementor-widget-divider--view-line elementor-widget elementor-widget-divider\" data-id=\"b124624\" data-element_type=\"widget\" data-e-type=\"widget\" data-widget_type=\"divider.default\">\n\t\t\t\t\t\t\t<div class=\"elementor-divider\">\n\t\t\t<span class=\"elementor-divider-separator\">\n\t\t\t\t\t\t<\/span>\n\t\t<\/div>\n\t\t\t\t\t\t<\/div>\n\t\t\t\t\t<\/div>\n\t\t\t\t<\/div>\n\t\t\t\t<\/div>\n\t\t","protected":false},"excerpt":{"rendered":"<p>\ud83c\udf47 Winogrona \u2013 popularne odmiany i ich charakterystyka \ud83c\udf47 Venus Odmiana bezpestkowa, bardzo popularna w uprawie amatorskiej: ciemnofioletowe owoce s\u0142odki, lekko muszkato\u0142owy smak wysoka odporno\u015b\u0107 na mr\u00f3z Idealna do jedzenia na \u015bwie\u017co oraz na rodzynki. \ud83c\udf47 Arkadia Jedna z najcz\u0119\u015bciej wybieranych odmian deserowych: du\u017ce, jasnozielone owoce bardzo soczysty mi\u0105\u017csz wczesne dojrzewanie \u015awietna do ogrodu oraz [&hellip;]<\/p>\n","protected":false},"author":1,"featured_media":0,"parent":0,"menu_order":0,"comment_status":"closed","ping_status":"closed","template":"","meta":{"footnotes":""},"class_list":["post-239","page","type-page","status-publish","hentry"],"_links":{"self":[{"href":"https:\/\/winogrona.online\/index.php?rest_route=\/wp\/v2\/pages\/239","targetHints":{"allow":["GET"]}}],"collection":[{"href":"https:\/\/winogrona.online\/index.php?rest_route=\/wp\/v2\/pages"}],"about":[{"href":"https:\/\/winogrona.online\/index.php?rest_route=\/wp\/v2\/types\/page"}],"author":[{"embeddable":true,"href":"https:\/\/winogrona.online\/index.php?rest_route=\/wp\/v2\/users\/1"}],"replies":[{"embeddable":true,"href":"https:\/\/winogrona.online\/index.php?rest_route=%2Fwp%2Fv2%2Fcomments&post=239"}],"version-history":[{"count":4,"href":"https:\/\/winogrona.online\/index.php?rest_route=\/wp\/v2\/pages\/239\/revisions"}],"predecessor-version":[{"id":338,"href":"https:\/\/winogrona.online\/index.php?rest_route=\/wp\/v2\/pages\/239\/revisions\/338"}],"wp:attachment":[{"href":"https:\/\/winogrona.online\/index.php?rest_route=%2Fwp%2Fv2%2Fmedia&parent=239"}],"curies":[{"name":"wp","href":"https:\/\/api.w.org\/{rel}","templated":true}]}}